{"id":12338,"date":"2021-04-20T13:38:14","date_gmt":"2021-04-20T10:38:14","guid":{"rendered":"https:\/\/www.nomorepain.gr\/?page_id=12338"},"modified":"2026-05-10T20:31:32","modified_gmt":"2026-05-10T17:31:32","slug":"om-oss","status":"publish","type":"page","link":"https:\/\/nomorepain.gr\/sv\/om-oss\/","title":{"rendered":"Om oss"},"content":{"rendered":"<p>[vc_row center_row=&#8221;yes&#8221;][vc_column][vc_row_inner css=&#8221;.vc_custom_1438144648738{padding-right: 10% !important;padding-bottom: 40px !important;padding-left: 10% !important;}&#8221;][vc_column_inner][vc_column_text]<\/p>\n<h2>Om No More Pain<\/h2>\n<p style=\"text-align: center;\">Kliniken startades av Harris Nagna d\u00e5 han utexaminerades 1993 fr\u00e5n Naprapath\u00f6gskolan i Sverige. P\u00e5 kliniken arbetar \u00e4ven en sjukgymnast som \u00e4r bla specialiserad p\u00e5 manuell medicin och funktionell rehabilitering samt en kostr\u00e5dgivare.<\/p>\n<p style=\"text-align: center;\">Alla terapeuter \u00e4r vidareutbildade i olika omr\u00e5den vilket ut\u00f6kar v\u00e5r verksamhetsomr\u00e5de avsev\u00e4rt.<\/p>\n<p style=\"text-align: center;\">Du kan k\u00e4nna dig precis lika trygg som n\u00e4r du \u00e4r hemma i Sverige.<\/p>\n<p>[\/vc_column_text][vc_single_image image=&#8221;11736&#8243; img_size=&#8221;full&#8221; alignment=&#8221;center&#8221;][\/vc_column_inner][\/vc_row_inner][\/vc_column][\/vc_row][vc_row full_width=&#8221;stretch_row_content&#8221; center_row=&#8221;yes&#8221; css=&#8221;.vc_custom_1610365131479{margin-top: 70px !important;margin-bottom: 0px !important;padding-top: 0px !important;padding-bottom: 60px !important;background-image: url(https:\/\/www.nomorepain.gr\/wp-content\/uploads\/2021\/01\/3333668658-1.jpg?id=11698) !important;background-position: center !important;background-repeat: no-repeat !important;background-size: cover !important;}&#8221;][vc_column css_animation=&#8221;left-to-right&#8221; width=&#8221;5\/12&#8243;][vc_single_image image=&#8221;12679&#8243; img_size=&#8221;full&#8221; alignment=&#8221;center&#8221; shape_image=&#8221;&#8221; el_class=&#8221;mobile-margin&#8221;][\/vc_column][vc_column width=&#8221;7\/12&#8243;][vc_row_inner][vc_column_inner offset=&#8221;vc_hidden-sm vc_hidden-xs&#8221;][vc_empty_space height=&#8221;70px&#8221;][\/vc_column_inner][\/vc_row_inner][vc_column_text]<\/p>\n<h3>Harris Nagna<\/h3>\n<h4>Dipl. Naprapat, cred. MDT<\/h4>\n<p><span data-contrast=\"none\">Gick\u00a0ut\u00a0Naprapath<\/span><span data-contrast=\"none\">\u00f6gskolan\u00a01993 och har arbetat p<\/span><span data-contrast=\"none\">\u00e5\u00a0<\/span><span data-contrast=\"none\">Rhodos sen dess\u00a0<\/span><span data-contrast=\"none\">som klinik ansvarig p\u00e5\u00a0<\/span><b><span data-contrast=\"none\">nomorepain. \u00a0<\/span><\/b><span data-contrast=\"none\">Legitimerad av Grekiska h<\/span><span data-contrast=\"none\">\u00e4lsov<\/span><span data-contrast=\"none\">\u00e5<\/span><span data-contrast=\"none\">rd<\/span><span data-contrast=\"none\">smyndigheterna. Vidareutbildad och certifierad i McKenzie metoden, medicinsk akupunktur, medicinsk Laser, ART\u00a0spine\u00a0(Active Release\u00a0Technique) samt\u00a0Kinesiotape. Harris pendlar mellan Rhodos och Stockholm d\u00e4r har arbetar som Naprapat p\u00e5\u00a0<\/span><a href=\"http:\/\/vasafysiocenter.se\/\"><span data-contrast=\"none\">vasafysiocenter.se<\/span><\/a><span data-contrast=\"none\">\u00a0.\u00a0<\/span><span data-contrast=\"none\">Han har en\u00a0bakgrund\u00a0inom\u00a0m<\/span><span data-contrast=\"none\">\u00e5nga idrottsgrenar som karate, squash, windsurfing,\u00a0kitesurfing, snowboard, simning, l\u00e5ngdistansl\u00f6pning och styrketr\u00e4ning.\u00a0<\/span><span data-ccp-props=\"{&quot;201341983&quot;:0,&quot;335559740&quot;:259}\">\u00a0<\/span><\/p>\n<p><span data-contrast=\"none\">Det har gett honom en stor\u00a0f\u00f6<\/span><span data-contrast=\"none\">rst<\/span><span data-contrast=\"none\">\u00e5else\u00a0f<\/span><span data-contrast=\"none\">\u00f6r de olika disciplinernas r\u00f6<\/span><span data-contrast=\"none\">relsekrav<\/span><span data-contrast=\"none\">. Idag styrketr\u00e4nar han, l\u00f6per,\u00a0kitesurfar\u00a0och snowboardar.\u00a0<\/span><span data-ccp-props=\"{&quot;201341983&quot;:0,&quot;335559740&quot;:259}\">\u00a0<\/span>[\/vc_column_text][vc_btn title=&#8221;Ring oss&#8221; css=&#8221;.vc_custom_1618991353842{margin-right: 3px !important;margin-left: 3px !important;}&#8221; link=&#8221;url:%2Fsv%2Fkontakt%2F|title:Kontakt&#8221;][vc_btn title=&#8221;Boka tid&#8221; style=&#8221;outline&#8221; color=&#8221;inverse&#8221; css=&#8221;.vc_custom_1707822699927{margin-right: 3px !important;margin-left: 3px !important;}&#8221; link=&#8221;url:https%3A%2F%2Fnomorepain.eu1.cliniko.com%2Fbookings|target:_blank&#8221;][\/vc_column][\/vc_row][vc_row full_width=&#8221;stretch_row_content&#8221; center_row=&#8221;yes&#8221; css=&#8221;.vc_custom_1610365104400{margin-top: 0px !important;margin-bottom: 0px !important;padding-top: 70px !important;padding-bottom: 70px !important;background-position: center !important;background-repeat: no-repeat !important;background-size: cover !important;}&#8221;][vc_column width=&#8221;7\/12&#8243;][vc_column_text]<\/p>\n<h3>Giorgos Koumentos, PT<\/h3>\n<h4>Fysioterapeut<\/h4>\n<p>Giorgos tog examen som sjukgymnast fr\u00e5n East London University. Han har specialiserat sig i bla manuell medicin och<\/p>\n<p>KBT. Han str\u00e4var hela tiden efter att l\u00e4ra sig mer och vidareutbildar sig kontinuerligt.<\/p>\n<p>Giorgos m\u00e5l \u00e4r inte endast att f\u00e5 hans patienter att bli fria fr\u00e5n sina besv\u00e4r men att \u00e4ven f\u00f6rbli aktiva oavsett \u00e5lder och<\/p>\n<p>f\u00f6ruts\u00e4ttningar. F\u00f6rutom sjukgymnast \u00e4r han ocks\u00e5 professionell fotbollspelare (m\u00e5lvakt).[\/vc_column_text][vc_btn title=&#8221;Ring oss&#8221; css=&#8221;.vc_custom_1618991374040{margin-right: 3px !important;margin-left: 3px !important;}&#8221; link=&#8221;url:%2Fsv%2Fkontakt%2F|title:kontakt&#8221;][vc_btn title=&#8221;Boka tid&#8221; style=&#8221;outline&#8221; color=&#8221;inverse&#8221; css=&#8221;.vc_custom_1707822711840{margin-right: 3px !important;margin-left: 3px !important;}&#8221; link=&#8221;url:https%3A%2F%2Fnomorepain.eu1.cliniko.com%2Fbookings|target:_blank&#8221;][\/vc_column][vc_column css_animation=&#8221;left-to-right&#8221; width=&#8221;5\/12&#8243;][vc_single_image image=&#8221;11760&#8243; img_size=&#8221;full&#8221; alignment=&#8221;center&#8221; shape_image=&#8221;&#8221; el_class=&#8221;mobile-margin&#8221;][\/vc_column][\/vc_row][vc_row full_width=&#8221;stretch_row_content&#8221; center_row=&#8221;yes&#8221; css=&#8221;.vc_custom_1610366021953{margin-top: 70px !important;padding-top: 0px !important;padding-bottom: 60px !important;background-image: url(https:\/\/www.nomorepain.gr\/wp-content\/uploads\/2021\/01\/43643227.jpg?id=11761) !important;background-position: center !important;background-repeat: no-repeat !important;background-size: cover !important;}&#8221;][vc_column css_animation=&#8221;left-to-right&#8221; width=&#8221;5\/12&#8243;][vc_single_image image=&#8221;11762&#8243; img_size=&#8221;full&#8221; alignment=&#8221;center&#8221; shape_image=&#8221;&#8221; el_class=&#8221;mobile-margin&#8221;][\/vc_column][vc_column width=&#8221;7\/12&#8243;][vc_row_inner][vc_column_inner offset=&#8221;vc_hidden-sm vc_hidden-xs&#8221;][vc_empty_space height=&#8221;85px&#8221;][\/vc_column_inner][\/vc_row_inner][vc_column_text]<\/p>\n<h3>Natalia Pagoni<\/h3>\n<h4>Dietist<\/h4>\n<p>Efter att ha t\u00e4vlat p\u00e5 nationell och europeisk niv\u00e5 i cykling (f\u00f6rsta plats Individuell timing och en tredje plats vid Women&#8217;s Speed-t\u00e4vlingen vid Nationella t\u00e4vlingar 2015) blev Natalia intresserad av att anv\u00e4nda mat som ett s\u00e4tt att maximera sportprestanda, men ocks\u00e5 som terapi . Detta ledde till att hon b\u00f6rjade p\u00e5 ett fyra\u00e5rigt diplom i nutrition &amp; dietetik vid ATEI-avdelningen p\u00e5 Kreta.<\/p>\n<p>D\u00e4r uppt\u00e4ckte hon hur man tittar p\u00e5 n\u00e4ring ur ett evidensbaserat perspektiv och anv\u00e4nder denna kunskap f\u00f6r att hj\u00e4lpa m\u00e4nniskor att hj\u00e4lpa sig sj\u00e4lva.<\/p>\n<p>M\u00e4nniskor s\u00f6ker ofta n\u00e4ringskonsultation f\u00f6r att:<\/p>\n<ol>\n<li>F\u00f6rb\u00e4ttra matsm\u00e4ltnings- och mag-tarmh\u00e4lsan<\/li>\n<li>Balansera hormonella fluktuationer<\/li>\n<li>Utforska viktminskningsstrategier<\/li>\n<li>St\u00f6d kardiovaskul\u00e4r h\u00e4lsa<\/li>\n<li>Minska kronisk inflammation<\/li>\n<li>St\u00e4rka eller modulera immunsvar<\/li>\n<li>F\u00f6rb\u00e4ttra emotionellt v\u00e4lbefinnande<\/li>\n<li>Uppr\u00e4tth\u00e5lla energiniv\u00e5er och koncentration under hela arbetsdagen<\/li>\n<li>Maximera deras sportprestanda<\/li>\n<\/ol>\n<p><strong>Den f\u00f6rsta konsultationen :<\/strong><\/p>\n<p>Den f\u00f6rsta bes\u00f6kte varar ungef\u00e4r en timme, under vilken en detaljerad sjukdomshistoria av individen initialt registreras. Dagliga matvanor och kroppens biokemiska sammans\u00e4ttning utv\u00e4rderas och analyseras.<\/p>\n<p>Kroppskompositionsanalys (Tanita) \u00e4r en partiell kroppskompositionsanalys med h\u00f6g noggrannhet med anv\u00e4ndning av icke-invasiv bio-<\/p>\n<p>impedans multi-frequency teknik.<\/p>\n<p>I slutet av bes\u00f6ket diskuterar vi vad du hoppas uppn\u00e5 ur ett n\u00e4ringsperspektiv och de tidsramar som dina m\u00e5l kommer att uppn\u00e5s.<\/p>\n<p>En individuell dietplan skapas. Detta kommer att skickas till dig via e-post inom tv\u00e5 dagar och en uppf\u00f6ljning kommer att bokas in (vanligtvis inom tv\u00e5 veckor).<\/p>\n<p>[\/vc_column_text][vc_btn title=&#8221;Ring oss&#8221; css=&#8221;.vc_custom_1618991391580{margin-right: 3px !important;margin-left: 3px !important;}&#8221; link=&#8221;url:%2Fsv%2Fkontakt%2F|title:kontakt&#8221;][vc_btn title=&#8221;Boka tid&#8221; style=&#8221;outline&#8221; color=&#8221;inverse&#8221; css=&#8221;.vc_custom_1707822758206{margin-right: 3px !important;margin-left: 3px !important;}&#8221; link=&#8221;url:https%3A%2F%2Fnomorepain.eu1.cliniko.com%2Fbookings|target:_blank&#8221;][\/vc_column][\/vc_row][vc_row parallax=&#8221;content-moving&#8221; parallax_image=&#8221;115&#8243; center_row=&#8221;yes&#8221; typo_style=&#8221;light&#8221; bg_type=&#8221;image&#8221; parallax_style=&#8221;vcpb-vz-jquery&#8221; bg_image_repeat=&#8221;no-repeat&#8221; enable_overlay=&#8221;enable_overlay_value&#8221; overlay_color=&#8221;rgba(79,79,79,0.41)&#8221; overlay_pattern=&#8221;transperant&#8221; css=&#8221;.vc_custom_1610115179852{background-image: url(https:\/\/www.nomorepain.gr\/wp-content\/uploads\/2021\/01\/67337374.jpg?id=11728) !important;background-position: center;background-repeat: no-repeat !important;background-size: contain !important;}&#8221;][vc_column width=&#8221;1\/6&#8243; typo_style=&#8221;&#8221;][\/vc_column][vc_column width=&#8221;2\/3&#8243;][vc_column_text css=&#8221;.vc_custom_1618915446444{padding-bottom: 10px !important;}&#8221;]<\/p>\n<h4 style=\"text-align: center; font-weight: 200; color: #ffffff!important;\">Kontakta oss<\/h4>\n<div class=\"wpcf7 no-js\" id=\"wpcf7-f12315-o1\" lang=\"el\" dir=\"ltr\">\n<div class=\"screen-reader-response\"><p role=\"status\" aria-live=\"polite\" aria-atomic=\"true\"><\/p> <ul><\/ul><\/div>\n<form action=\"\/sv\/wp-json\/wp\/v2\/pages\/12338#wpcf7-f12315-o1\" method=\"post\" class=\"wpcf7-form init\" aria-label=\"Contact form\" novalidate=\"novalidate\" data-status=\"init\">\n<div style=\"display: none;\">\n<input type=\"hidden\" name=\"_wpcf7\" value=\"12315\" \/>\n<input type=\"hidden\" name=\"_wpcf7_version\" value=\"5.7.1\" \/>\n<input type=\"hidden\" name=\"_wpcf7_locale\" value=\"el\" \/>\n<input type=\"hidden\" name=\"_wpcf7_unit_tag\" value=\"wpcf7-f12315-o1\" \/>\n<input type=\"hidden\" name=\"_wpcf7_container_post\" value=\"0\" \/>\n<input type=\"hidden\" name=\"_wpcf7_posted_data_hash\" value=\"\" \/>\n<input type=\"hidden\" name=\"_wpcf7_recaptcha_response\" value=\"\" \/>\n<\/div>\n<div class=\"column one-second\">\n\t<p><span class=\"wpcf7-form-control-wrap\" data-name=\"your-name\"><input size=\"40\" class=\"wpcf7-form-control wpcf7-text wpcf7-validates-as-required\" aria-required=\"true\" aria-invalid=\"false\" placeholder=\"F\u00f6r- och efternamn\" value=\"\" type=\"text\" name=\"your-name\" \/><\/span>\n\t<\/p>\n<\/div>\n<div class=\"column one-second\">\n\t<p><span class=\"wpcf7-form-control-wrap\" data-name=\"your-email\"><input size=\"40\" class=\"wpcf7-form-control wpcf7-text wpcf7-email wpcf7-validates-as-required wpcf7-validates-as-email\" aria-required=\"true\" aria-invalid=\"false\" placeholder=\"Mail\" value=\"\" type=\"email\" name=\"your-email\" \/><\/span>\n\t<\/p>\n<\/div>\n<div class=\"column one-second\">\n\t<p><span class=\"wpcf7-form-control-wrap\" data-name=\"your-subject\"><input size=\"40\" class=\"wpcf7-form-control wpcf7-text wpcf7-validates-as-required\" aria-required=\"true\" aria-invalid=\"false\" placeholder=\"\u00c4mne\" value=\"\" type=\"text\" name=\"your-subject\" \/><\/span>\n\t<\/p>\n<\/div>\n<div class=\"column one\">\n\t<p><span class=\"wpcf7-form-control-wrap\" data-name=\"your-message\"><textarea cols=\"40\" rows=\"6\" class=\"wpcf7-form-control wpcf7-textarea wpcf7-validates-as-required\" aria-required=\"true\" aria-invalid=\"false\" placeholder=\"Meddelande\" name=\"your-message\"><\/textarea><\/span>\n\t<\/p>\n<\/div>\n<div class=\"column one\">\n\t<p><span class=\"wpcf7-form-control-wrap\" data-name=\"acceptance-249\"><span class=\"wpcf7-form-control wpcf7-acceptance\"><span class=\"wpcf7-list-item\"><label><input type=\"checkbox\" name=\"acceptance-249\" value=\"1\" aria-invalid=\"false\" \/><span class=\"wpcf7-list-item-label\"><a href=\"\/en\/data-protection-policy\/\">I Agree to Privacy Policy.<\/a><\/span><\/label><\/span><\/span><\/span>\n\t<\/p>\n<\/div>\n<div class=\"column one-second submit-column\" x3 style=\"text-align: center;\">\n\t<p><input class=\"wpcf7-form-control has-spinner wpcf7-submit\" type=\"submit\" value=\"Submit\" \/>\n\t<\/p>\n<\/div><div class=\"wpcf7-response-output\" aria-hidden=\"true\"><\/div><\/form><\/div>[\/vc_column_text][\/vc_column][vc_column width=&#8221;1\/6&#8243;][\/vc_column][\/vc_row]<\/p>\n","protected":false},"excerpt":{"rendered":"<p>[vc_row center_row=&#8221;yes&#8221;][vc_column][vc_row_inner css=&#8221;.vc_custom_1438144648738{padding-right: 10% !important;padding-bottom: 40px !important;padding-left: 10% !important;}&#8221;][vc_column_inner][vc_column_text] Om No More Pain Kliniken startades av Harris Nagna d\u00e5 han utexaminerades 1993 fr\u00e5n Naprapath\u00f6gskolan i Sverige. P\u00e5 kliniken arbetar \u00e4ven&#8230;<\/p>\n","protected":false},"author":4,"featured_media":0,"parent":0,"menu_order":0,"comment_status":"closed","ping_status":"closed","template":"template-fullwidth.php","meta":{"rs_blank_template":"","rs_page_bg_color":"","slide_template_v7":"","inline_featured_image":false},"yoast_head":"<!-- This site is optimized with the Yoast SEO Premium plugin v19.6 (Yoast SEO v21.1) - https:\/\/yoast.com\/wordpress\/plugins\/seo\/ -->\n<title>Om oss - No More Pain<\/title>\n<meta name=\"description\" content=\"\u03a4\u03bf \u03ba\u03ad\u03bd\u03c4\u03c1\u03bf No More Pain \u03c3\u03c4\u03b7 \u03a1\u03cc\u03b4\u03bf \u03c3\u03c5\u03bd\u03b4\u03c5\u03ac\u03b6\u03b5\u03b9 \u03c4\u03b7\u03bd \u03ba\u03b1\u03bb\u03cd\u03c4\u03b5\u03c1\u03b7 \u03c7\u03b5\u03b9\u03c1\u03bf\u03c0\u03c1\u03b1\u03ba\u03c4\u03b9\u03ba\u03ae, \u03c6\u03c5\u03c3\u03b9\u03ba\u03bf\u03b8\u03b5\u03c1\u03b1\u03c0\u03b5\u03c5\u03c4\u03b9\u03ba\u03ae \u03ba\u03b1\u03b9 \u03bd\u03b1\u03c0\u03c1\u03b1\u03c0\u03b1\u03b8\u03b7\u03c4\u03b9\u03ba\u03ae \u03c6\u03c1\u03bf\u03bd\u03c4\u03af\u03b4\u03b1, \u03b2\u03b1\u03c3\u03b9\u03c3\u03bc\u03ad\u03bd\u03b7 \u03c3\u03c4\u03b9\u03c2 \u03b9\u03b4\u03b9\u03b1\u03af\u03c4\u03b5\u03c1\u03b5\u03c2 \u03b1\u03bd\u03ac\u03b3\u03ba\u03b5\u03c2 \u03c3\u03b1\u03c2.\" \/>\n<meta name=\"robots\" content=\"index, follow, max-snippet:-1, max-image-preview:large, max-video-preview:-1\" \/>\n<link rel=\"canonical\" href=\"https:\/\/nomorepain.gr\/sv\/om-oss\/\" \/>\n<meta property=\"og:locale\" content=\"sv_SE\" \/>\n<meta property=\"og:type\" content=\"article\" \/>\n<meta property=\"og:title\" content=\"Om oss\" \/>\n<meta property=\"og:description\" content=\"\u03a4\u03bf \u03ba\u03ad\u03bd\u03c4\u03c1\u03bf No More Pain \u03c3\u03c4\u03b7 \u03a1\u03cc\u03b4\u03bf \u03c3\u03c5\u03bd\u03b4\u03c5\u03ac\u03b6\u03b5\u03b9 \u03c4\u03b7\u03bd \u03ba\u03b1\u03bb\u03cd\u03c4\u03b5\u03c1\u03b7 \u03c7\u03b5\u03b9\u03c1\u03bf\u03c0\u03c1\u03b1\u03ba\u03c4\u03b9\u03ba\u03ae, \u03c6\u03c5\u03c3\u03b9\u03ba\u03bf\u03b8\u03b5\u03c1\u03b1\u03c0\u03b5\u03c5\u03c4\u03b9\u03ba\u03ae \u03ba\u03b1\u03b9 \u03bd\u03b1\u03c0\u03c1\u03b1\u03c0\u03b1\u03b8\u03b7\u03c4\u03b9\u03ba\u03ae \u03c6\u03c1\u03bf\u03bd\u03c4\u03af\u03b4\u03b1, \u03b2\u03b1\u03c3\u03b9\u03c3\u03bc\u03ad\u03bd\u03b7 \u03c3\u03c4\u03b9\u03c2 \u03b9\u03b4\u03b9\u03b1\u03af\u03c4\u03b5\u03c1\u03b5\u03c2 \u03b1\u03bd\u03ac\u03b3\u03ba\u03b5\u03c2 \u03c3\u03b1\u03c2.\" \/>\n<meta property=\"og:url\" content=\"https:\/\/nomorepain.gr\/sv\/om-oss\/\" \/>\n<meta property=\"og:site_name\" content=\"No More Pain\" \/>\n<meta property=\"article:publisher\" content=\"https:\/\/www.facebook.com\/NoMorePainRhodosNaprapatklinik\" \/>\n<meta property=\"article:modified_time\" content=\"2026-05-10T17:31:32+00:00\" \/>\n<meta name=\"twitter:card\" content=\"summary_large_image\" \/>\n<meta name=\"twitter:label1\" content=\"Ber\u00e4knad l\u00e4stid\" \/>\n\t<meta name=\"twitter:data1\" content=\"3 minuter\" \/>\n<script type=\"application\/ld+json\" class=\"yoast-schema-graph\">{\"@context\":\"https:\/\/schema.org\",\"@graph\":[{\"@type\":\"WebPage\",\"@id\":\"https:\/\/nomorepain.gr\/sv\/om-oss\/\",\"url\":\"https:\/\/nomorepain.gr\/sv\/om-oss\/\",\"name\":\"Om oss - No More Pain\",\"isPartOf\":{\"@id\":\"https:\/\/nomorepain.gr\/sv\/#website\"},\"datePublished\":\"2021-04-20T10:38:14+00:00\",\"dateModified\":\"2026-05-10T17:31:32+00:00\",\"description\":\"\u03a4\u03bf \u03ba\u03ad\u03bd\u03c4\u03c1\u03bf No More Pain \u03c3\u03c4\u03b7 \u03a1\u03cc\u03b4\u03bf \u03c3\u03c5\u03bd\u03b4\u03c5\u03ac\u03b6\u03b5\u03b9 \u03c4\u03b7\u03bd \u03ba\u03b1\u03bb\u03cd\u03c4\u03b5\u03c1\u03b7 \u03c7\u03b5\u03b9\u03c1\u03bf\u03c0\u03c1\u03b1\u03ba\u03c4\u03b9\u03ba\u03ae, \u03c6\u03c5\u03c3\u03b9\u03ba\u03bf\u03b8\u03b5\u03c1\u03b1\u03c0\u03b5\u03c5\u03c4\u03b9\u03ba\u03ae \u03ba\u03b1\u03b9 \u03bd\u03b1\u03c0\u03c1\u03b1\u03c0\u03b1\u03b8\u03b7\u03c4\u03b9\u03ba\u03ae \u03c6\u03c1\u03bf\u03bd\u03c4\u03af\u03b4\u03b1, \u03b2\u03b1\u03c3\u03b9\u03c3\u03bc\u03ad\u03bd\u03b7 \u03c3\u03c4\u03b9\u03c2 \u03b9\u03b4\u03b9\u03b1\u03af\u03c4\u03b5\u03c1\u03b5\u03c2 \u03b1\u03bd\u03ac\u03b3\u03ba\u03b5\u03c2 \u03c3\u03b1\u03c2.\",\"breadcrumb\":{\"@id\":\"https:\/\/nomorepain.gr\/sv\/om-oss\/#breadcrumb\"},\"inLanguage\":\"sv-SE\",\"potentialAction\":[{\"@type\":\"ReadAction\",\"target\":[\"https:\/\/nomorepain.gr\/sv\/om-oss\/\"]}]},{\"@type\":\"BreadcrumbList\",\"@id\":\"https:\/\/nomorepain.gr\/sv\/om-oss\/#breadcrumb\",\"itemListElement\":[{\"@type\":\"ListItem\",\"position\":1,\"name\":\"Hem\",\"item\":\"https:\/\/nomorepain.gr\/sv\/\"},{\"@type\":\"ListItem\",\"position\":2,\"name\":\"Om oss\"}]},{\"@type\":\"WebSite\",\"@id\":\"https:\/\/nomorepain.gr\/sv\/#website\",\"url\":\"https:\/\/nomorepain.gr\/sv\/\",\"name\":\"nomorepain.gr\",\"description\":\"\",\"publisher\":{\"@id\":\"https:\/\/nomorepain.gr\/sv\/#organization\"},\"potentialAction\":[{\"@type\":\"SearchAction\",\"target\":{\"@type\":\"EntryPoint\",\"urlTemplate\":\"https:\/\/nomorepain.gr\/sv\/?s={search_term_string}\"},\"query-input\":\"required name=search_term_string\"}],\"inLanguage\":\"sv-SE\"},{\"@type\":\"Organization\",\"@id\":\"https:\/\/nomorepain.gr\/sv\/#organization\",\"name\":\"NoMorePain\",\"url\":\"https:\/\/nomorepain.gr\/sv\/\",\"logo\":{\"@type\":\"ImageObject\",\"inLanguage\":\"sv-SE\",\"@id\":\"https:\/\/nomorepain.gr\/sv\/#\/schema\/logo\/image\/\",\"url\":\"https:\/\/nomorepain.gr\/wp-content\/uploads\/2026\/04\/nomorepain-logo.png\",\"contentUrl\":\"https:\/\/nomorepain.gr\/wp-content\/uploads\/2026\/04\/nomorepain-logo.png\",\"width\":944,\"height\":950,\"caption\":\"NoMorePain\"},\"image\":{\"@id\":\"https:\/\/nomorepain.gr\/sv\/#\/schema\/logo\/image\/\"},\"sameAs\":[\"https:\/\/www.facebook.com\/NoMorePainRhodosNaprapatklinik\"]}]}<\/script>\n<!-- \/ Yoast SEO Premium plugin. -->","yoast_head_json":{"title":"Om oss - No More Pain","description":"\u03a4\u03bf \u03ba\u03ad\u03bd\u03c4\u03c1\u03bf No More Pain \u03c3\u03c4\u03b7 \u03a1\u03cc\u03b4\u03bf \u03c3\u03c5\u03bd\u03b4\u03c5\u03ac\u03b6\u03b5\u03b9 \u03c4\u03b7\u03bd \u03ba\u03b1\u03bb\u03cd\u03c4\u03b5\u03c1\u03b7 \u03c7\u03b5\u03b9\u03c1\u03bf\u03c0\u03c1\u03b1\u03ba\u03c4\u03b9\u03ba\u03ae, \u03c6\u03c5\u03c3\u03b9\u03ba\u03bf\u03b8\u03b5\u03c1\u03b1\u03c0\u03b5\u03c5\u03c4\u03b9\u03ba\u03ae \u03ba\u03b1\u03b9 \u03bd\u03b1\u03c0\u03c1\u03b1\u03c0\u03b1\u03b8\u03b7\u03c4\u03b9\u03ba\u03ae \u03c6\u03c1\u03bf\u03bd\u03c4\u03af\u03b4\u03b1, \u03b2\u03b1\u03c3\u03b9\u03c3\u03bc\u03ad\u03bd\u03b7 \u03c3\u03c4\u03b9\u03c2 \u03b9\u03b4\u03b9\u03b1\u03af\u03c4\u03b5\u03c1\u03b5\u03c2 \u03b1\u03bd\u03ac\u03b3\u03ba\u03b5\u03c2 \u03c3\u03b1\u03c2.","robots":{"index":"index","follow":"follow","max-snippet":"max-snippet:-1","max-image-preview":"max-image-preview:large","max-video-preview":"max-video-preview:-1"},"canonical":"https:\/\/nomorepain.gr\/sv\/om-oss\/","og_locale":"sv_SE","og_type":"article","og_title":"Om oss","og_description":"\u03a4\u03bf \u03ba\u03ad\u03bd\u03c4\u03c1\u03bf No More Pain \u03c3\u03c4\u03b7 \u03a1\u03cc\u03b4\u03bf \u03c3\u03c5\u03bd\u03b4\u03c5\u03ac\u03b6\u03b5\u03b9 \u03c4\u03b7\u03bd \u03ba\u03b1\u03bb\u03cd\u03c4\u03b5\u03c1\u03b7 \u03c7\u03b5\u03b9\u03c1\u03bf\u03c0\u03c1\u03b1\u03ba\u03c4\u03b9\u03ba\u03ae, \u03c6\u03c5\u03c3\u03b9\u03ba\u03bf\u03b8\u03b5\u03c1\u03b1\u03c0\u03b5\u03c5\u03c4\u03b9\u03ba\u03ae \u03ba\u03b1\u03b9 \u03bd\u03b1\u03c0\u03c1\u03b1\u03c0\u03b1\u03b8\u03b7\u03c4\u03b9\u03ba\u03ae \u03c6\u03c1\u03bf\u03bd\u03c4\u03af\u03b4\u03b1, \u03b2\u03b1\u03c3\u03b9\u03c3\u03bc\u03ad\u03bd\u03b7 \u03c3\u03c4\u03b9\u03c2 \u03b9\u03b4\u03b9\u03b1\u03af\u03c4\u03b5\u03c1\u03b5\u03c2 \u03b1\u03bd\u03ac\u03b3\u03ba\u03b5\u03c2 \u03c3\u03b1\u03c2.","og_url":"https:\/\/nomorepain.gr\/sv\/om-oss\/","og_site_name":"No More Pain","article_publisher":"https:\/\/www.facebook.com\/NoMorePainRhodosNaprapatklinik","article_modified_time":"2026-05-10T17:31:32+00:00","twitter_card":"summary_large_image","twitter_misc":{"Ber\u00e4knad l\u00e4stid":"3 minuter"},"schema":{"@context":"https:\/\/schema.org","@graph":[{"@type":"WebPage","@id":"https:\/\/nomorepain.gr\/sv\/om-oss\/","url":"https:\/\/nomorepain.gr\/sv\/om-oss\/","name":"Om oss - No More Pain","isPartOf":{"@id":"https:\/\/nomorepain.gr\/sv\/#website"},"datePublished":"2021-04-20T10:38:14+00:00","dateModified":"2026-05-10T17:31:32+00:00","description":"\u03a4\u03bf \u03ba\u03ad\u03bd\u03c4\u03c1\u03bf No More Pain \u03c3\u03c4\u03b7 \u03a1\u03cc\u03b4\u03bf \u03c3\u03c5\u03bd\u03b4\u03c5\u03ac\u03b6\u03b5\u03b9 \u03c4\u03b7\u03bd \u03ba\u03b1\u03bb\u03cd\u03c4\u03b5\u03c1\u03b7 \u03c7\u03b5\u03b9\u03c1\u03bf\u03c0\u03c1\u03b1\u03ba\u03c4\u03b9\u03ba\u03ae, \u03c6\u03c5\u03c3\u03b9\u03ba\u03bf\u03b8\u03b5\u03c1\u03b1\u03c0\u03b5\u03c5\u03c4\u03b9\u03ba\u03ae \u03ba\u03b1\u03b9 \u03bd\u03b1\u03c0\u03c1\u03b1\u03c0\u03b1\u03b8\u03b7\u03c4\u03b9\u03ba\u03ae \u03c6\u03c1\u03bf\u03bd\u03c4\u03af\u03b4\u03b1, \u03b2\u03b1\u03c3\u03b9\u03c3\u03bc\u03ad\u03bd\u03b7 \u03c3\u03c4\u03b9\u03c2 \u03b9\u03b4\u03b9\u03b1\u03af\u03c4\u03b5\u03c1\u03b5\u03c2 \u03b1\u03bd\u03ac\u03b3\u03ba\u03b5\u03c2 \u03c3\u03b1\u03c2.","breadcrumb":{"@id":"https:\/\/nomorepain.gr\/sv\/om-oss\/#breadcrumb"},"inLanguage":"sv-SE","potentialAction":[{"@type":"ReadAction","target":["https:\/\/nomorepain.gr\/sv\/om-oss\/"]}]},{"@type":"BreadcrumbList","@id":"https:\/\/nomorepain.gr\/sv\/om-oss\/#breadcrumb","itemListElement":[{"@type":"ListItem","position":1,"name":"Hem","item":"https:\/\/nomorepain.gr\/sv\/"},{"@type":"ListItem","position":2,"name":"Om oss"}]},{"@type":"WebSite","@id":"https:\/\/nomorepain.gr\/sv\/#website","url":"https:\/\/nomorepain.gr\/sv\/","name":"nomorepain.gr","description":"","publisher":{"@id":"https:\/\/nomorepain.gr\/sv\/#organization"},"potentialAction":[{"@type":"SearchAction","target":{"@type":"EntryPoint","urlTemplate":"https:\/\/nomorepain.gr\/sv\/?s={search_term_string}"},"query-input":"required name=search_term_string"}],"inLanguage":"sv-SE"},{"@type":"Organization","@id":"https:\/\/nomorepain.gr\/sv\/#organization","name":"NoMorePain","url":"https:\/\/nomorepain.gr\/sv\/","logo":{"@type":"ImageObject","inLanguage":"sv-SE","@id":"https:\/\/nomorepain.gr\/sv\/#\/schema\/logo\/image\/","url":"https:\/\/nomorepain.gr\/wp-content\/uploads\/2026\/04\/nomorepain-logo.png","contentUrl":"https:\/\/nomorepain.gr\/wp-content\/uploads\/2026\/04\/nomorepain-logo.png","width":944,"height":950,"caption":"NoMorePain"},"image":{"@id":"https:\/\/nomorepain.gr\/sv\/#\/schema\/logo\/image\/"},"sameAs":["https:\/\/www.facebook.com\/NoMorePainRhodosNaprapatklinik"]}]}},"_links":{"self":[{"href":"https:\/\/nomorepain.gr\/sv\/wp-json\/wp\/v2\/pages\/12338"}],"collection":[{"href":"https:\/\/nomorepain.gr\/sv\/wp-json\/wp\/v2\/pages"}],"about":[{"href":"https:\/\/nomorepain.gr\/sv\/wp-json\/wp\/v2\/types\/page"}],"author":[{"embeddable":true,"href":"https:\/\/nomorepain.gr\/sv\/wp-json\/wp\/v2\/users\/4"}],"replies":[{"embeddable":true,"href":"https:\/\/nomorepain.gr\/sv\/wp-json\/wp\/v2\/comments?post=12338"}],"version-history":[{"count":0,"href":"https:\/\/nomorepain.gr\/sv\/wp-json\/wp\/v2\/pages\/12338\/revisions"}],"wp:attachment":[{"href":"https:\/\/nomorepain.gr\/sv\/wp-json\/wp\/v2\/media?parent=12338"}],"curies":[{"name":"wp","href":"https:\/\/api.w.org\/{rel}","templated":true}]}}